{"id":884,"date":"2025-01-23T16:14:09","date_gmt":"2025-01-23T15:14:09","guid":{"rendered":"https:\/\/colors-impression.com\/?page_id=884"},"modified":"2025-02-12T16:40:46","modified_gmt":"2025-02-12T15:40:46","slug":"qui-sommes-nous","status":"publish","type":"page","link":"https:\/\/colors-impression.com\/index.php\/qui-sommes-nous\/","title":{"rendered":"Qui sommes-nous ?"},"content":{"rendered":"<p>[et_pb_section fb_built=&#8221;1&#8243; _builder_version=&#8221;4.23.2&#8243; _module_preset=&#8221;default&#8221; background_color=&#8221;#237ba0&#8243; global_colors_info=&#8221;{}&#8221;][et_pb_row _builder_version=&#8221;4.23.2&#8243; _module_preset=&#8221;default&#8221; global_colors_info=&#8221;{}&#8221;][et_pb_column type=&#8221;4_4&#8243; _builder_version=&#8221;4.23.2&#8243; _module_preset=&#8221;default&#8221; global_colors_info=&#8221;{}&#8221;][et_pb_heading title=&#8221;Des solutions d&#8217;impression adapt\u00e9es \u00e0 vos besoins&#8221; _builder_version=&#8221;4.23.2&#8243; _module_preset=&#8221;default&#8221; title_font=&#8221;|700|||||||&#8221; title_text_align=&#8221;center&#8221; title_text_color=&#8221;#FFFFFF&#8221; title_font_size=&#8221;45px&#8221; title_line_height=&#8221;55px&#8221; custom_margin=&#8221;||10px||false|false&#8221; title_font_size_tablet=&#8221;45px&#8221; title_font_size_phone=&#8221;35px&#8221; title_font_size_last_edited=&#8221;on|phone&#8221; title_line_height_tablet=&#8221;55px&#8221; title_line_height_phone=&#8221;45px&#8221; title_line_height_last_edited=&#8221;on|phone&#8221; global_colors_info=&#8221;{}&#8221;][\/et_pb_heading][et_pb_text _builder_version=&#8221;4.23.2&#8243; _module_preset=&#8221;default&#8221; text_font=&#8221;|600|||||||&#8221; text_text_color=&#8221;#FFFFFF&#8221; text_font_size=&#8221;15px&#8221; text_line_height=&#8221;26px&#8221; text_orientation=&#8221;center&#8221; custom_padding=&#8221;0px|150px|0px|150px|false|true&#8221; custom_padding_tablet=&#8221;|150px||150px|false|true&#8221; custom_padding_phone=&#8221;|0px||0px|false|true&#8221; custom_padding_last_edited=&#8221;on|phone&#8221; locked=&#8221;off&#8221; global_colors_info=&#8221;{}&#8221;]<\/p>\n<p>De la petite commande \u00e0 la production en grande s\u00e9rie, nous vous accompagnons \u00e0 chaque \u00e9tape pour garantir un r\u00e9sultat \u00e0 la hauteur de vos attentes.<\/p>\n<p>[\/et_pb_text][\/et_pb_column][\/et_pb_row][\/et_pb_section][et_pb_section fb_built=&#8221;1&#8243; _builder_version=&#8221;4.23.2&#8243; _module_preset=&#8221;default&#8221; background_enable_color=&#8221;off&#8221; global_colors_info=&#8221;{%22gcid-bb9ea892-78f4-4555-9458-cf3e851b845a%22:%91%22background_color%22%93}&#8221;][et_pb_row _builder_version=&#8221;4.23.2&#8243; _module_preset=&#8221;default&#8221; width=&#8221;90%&#8221; max_width=&#8221;1200px&#8221; global_colors_info=&#8221;{}&#8221;][et_pb_column type=&#8221;4_4&#8243; _builder_version=&#8221;4.23.2&#8243; _module_preset=&#8221;default&#8221; global_colors_info=&#8221;{}&#8221;][et_pb_heading title=&#8221;Notre atelier d&#8217;impression textile \u00e0 Goxwiller&#8221; _builder_version=&#8221;4.23.2&#8243; _module_preset=&#8221;default&#8221; title_font=&#8221;|700|||||||&#8221; title_text_align=&#8221;center&#8221; title_text_color=&#8221;#000000&#8243; title_font_size=&#8221;40px&#8221; title_line_height=&#8221;50px&#8221; custom_margin=&#8221;||2px||false|false&#8221; title_font_size_tablet=&#8221;40px&#8221; title_font_size_phone=&#8221;35px&#8221; title_font_size_last_edited=&#8221;on|phone&#8221; title_line_height_tablet=&#8221;50px&#8221; title_line_height_phone=&#8221;45px&#8221; title_line_height_last_edited=&#8221;on|phone&#8221; locked=&#8221;off&#8221; global_colors_info=&#8221;{}&#8221;][\/et_pb_heading][et_pb_text _builder_version=&#8221;4.23.2&#8243; _module_preset=&#8221;default&#8221; text_font=&#8221;|600|||||||&#8221; text_text_color=&#8221;#000000&#8243; text_font_size=&#8221;16px&#8221; text_line_height=&#8221;25px&#8221; text_orientation=&#8221;center&#8221; custom_padding=&#8221;||||false|true&#8221; custom_padding_tablet=&#8221;|150px||150px|false|true&#8221; custom_padding_phone=&#8221;|0px||0px|false|true&#8221; custom_padding_last_edited=&#8221;on|phone&#8221; text_font_size_tablet=&#8221;16px&#8221; text_font_size_phone=&#8221;15px&#8221; text_font_size_last_edited=&#8221;on|phone&#8221; locked=&#8221;off&#8221; global_colors_info=&#8221;{}&#8221;]<\/p>\n<p><span style=\"font-weight: 400;\">D\u00e9but 2024, nous avons lanc\u00e9 Colors, un atelier d\u2019impression textile \u00e0 Goxwiller, d\u00e9di\u00e9 aux professionnels et particuliers. Sp\u00e9cialis\u00e9s dans le flocage, le DTF et la broderie (sans s\u00e9rigraphie), nous garantissons des marquages durables et de qualit\u00e9 sur une large gamme de textiles. <\/span><span style=\"font-weight: 400;\">De l\u2019id\u00e9e \u00e0 la r\u00e9alisation, nous vous accompagnons pour donner vie \u00e0 vos projets. Contactez-nous pour discuter de vos besoins en impression textile!<\/span><\/p>\n<p>[\/et_pb_text][\/et_pb_column][\/et_pb_row][et_pb_row use_custom_gutter=&#8221;on&#8221; gutter_width=&#8221;2&#8243; _builder_version=&#8221;4.23.2&#8243; _module_preset=&#8221;default&#8221; width=&#8221;90%&#8221; max_width=&#8221;1200px&#8221; custom_padding=&#8221;10px||||false|false&#8221; global_colors_info=&#8221;{}&#8221;][et_pb_column type=&#8221;4_4&#8243; _builder_version=&#8221;4.23.2&#8243; _module_preset=&#8221;default&#8221; global_colors_info=&#8221;{}&#8221;][et_pb_code _builder_version=&#8221;4.23.2&#8243; _module_preset=&#8221;default&#8221; border_radii=&#8221;on|15px|15px|15px|15px&#8221; global_colors_info=&#8221;{}&#8221;]<iframe src=\"https:\/\/www.google.com\/maps\/embed?pb=!1m18!1m12!1m3!1d2647.297395384722!2d7.478008275645376!3d48.43163173064514!2m3!1f0!2f0!3f0!3m2!1i1024!2i768!4f13.1!3m3!1m2!1s0x47914d8382d47219%3A0x297be2d388eb31ff!2s5%20Rue%20du%20Landsberg%2C%2067210%20Goxwiller%2C%20France!5e0!3m2!1sen!2s!4v1737647251465!5m2!1sen!2s\" width=\"100%\" height=\"330\" style=\"border:0;\" allowfullscreen=\"\" loading=\"lazy\" referrerpolicy=\"no-referrer-when-downgrade\"><\/iframe>[\/et_pb_code][\/et_pb_column][\/et_pb_row][\/et_pb_section]<\/p>\n","protected":false},"excerpt":{"rendered":"<p>De la petite commande \u00e0 la production en grande s\u00e9rie, nous vous accompagnons \u00e0 chaque \u00e9tape pour garantir un r\u00e9sultat \u00e0 la hauteur de vos attentes.D\u00e9but 2024, nous avons lanc\u00e9 Colors, un atelier d\u2019impression textile \u00e0 Goxwiller, d\u00e9di\u00e9 aux professionnels et particuliers. Sp\u00e9cialis\u00e9s dans le flocage, le DTF et la broderie (sans s\u00e9rigraphie), nous garantissons [&hellip;]<\/p>\n","protected":false},"author":1,"featured_media":0,"parent":0,"menu_order":0,"comment_status":"closed","ping_status":"closed","template":"","meta":{"_et_pb_use_builder":"on","_et_pb_old_content":"","_et_gb_content_width":"","_monsterinsights_skip_tracking":false,"_monsterinsights_sitenote_active":false,"_monsterinsights_sitenote_note":"","_monsterinsights_sitenote_category":0,"footnotes":""},"class_list":["post-884","page","type-page","status-publish","hentry"],"_links":{"self":[{"href":"https:\/\/colors-impression.com\/index.php\/wp-json\/wp\/v2\/pages\/884","targetHints":{"allow":["GET"]}}],"collection":[{"href":"https:\/\/colors-impression.com\/index.php\/wp-json\/wp\/v2\/pages"}],"about":[{"href":"https:\/\/colors-impression.com\/index.php\/wp-json\/wp\/v2\/types\/page"}],"author":[{"embeddable":true,"href":"https:\/\/colors-impression.com\/index.php\/wp-json\/wp\/v2\/users\/1"}],"replies":[{"embeddable":true,"href":"https:\/\/colors-impression.com\/index.php\/wp-json\/wp\/v2\/comments?post=884"}],"version-history":[{"count":0,"href":"https:\/\/colors-impression.com\/index.php\/wp-json\/wp\/v2\/pages\/884\/revisions"}],"wp:attachment":[{"href":"https:\/\/colors-impression.com\/index.php\/wp-json\/wp\/v2\/media?parent=884"}],"curies":[{"name":"wp","href":"https:\/\/api.w.org\/{rel}","templated":true}]}}