{"id":868,"date":"2025-01-23T16:10:07","date_gmt":"2025-01-23T15:10:07","guid":{"rendered":"https:\/\/colors-impression.com\/?page_id=868"},"modified":"2025-02-13T14:33:11","modified_gmt":"2025-02-13T13:33:11","slug":"faq","status":"publish","type":"page","link":"https:\/\/colors-impression.com\/index.php\/faq\/","title":{"rendered":"FAQ"},"content":{"rendered":"<p>[et_pb_section fb_built=&#8221;1&#8243; _builder_version=&#8221;4.23.2&#8243; _module_preset=&#8221;default&#8221; background_color=&#8221;#237ba0&#8243; locked=&#8221;off&#8221; global_colors_info=&#8221;{}&#8221;][et_pb_row custom_padding_last_edited=&#8221;on|phone&#8221; _builder_version=&#8221;4.23.2&#8243; _module_preset=&#8221;default&#8221; custom_padding=&#8221;50px||||false|false&#8221; custom_padding_tablet=&#8221;50px||||false|false&#8221; custom_padding_phone=&#8221;50px||6px||false|false&#8221; global_colors_info=&#8221;{}&#8221;][et_pb_column type=&#8221;4_4&#8243; _builder_version=&#8221;4.23.2&#8243; _module_preset=&#8221;default&#8221; global_colors_info=&#8221;{}&#8221;][et_pb_text _builder_version=&#8221;4.23.2&#8243; _module_preset=&#8221;default&#8221; text_text_color=&#8221;#000000&#8243; text_font_size=&#8221;16px&#8221; text_line_height=&#8221;1.2em&#8221; header_font=&#8221;|700|||||||&#8221; header_text_align=&#8221;center&#8221; header_text_color=&#8221;#FFFFFF&#8221; header_font_size=&#8221;55px&#8221; header_line_height=&#8221;55px&#8221; custom_margin=&#8221;||0px||false|false&#8221; header_font_size_tablet=&#8221;45px&#8221; header_font_size_phone=&#8221;35px&#8221; header_font_size_last_edited=&#8221;on|phone&#8221; header_line_height_tablet=&#8221;55px&#8221; header_line_height_phone=&#8221;45px&#8221; header_line_height_last_edited=&#8221;on|desktop&#8221; locked=&#8221;off&#8221; global_colors_info=&#8221;{}&#8221;]<\/p>\n<h1>FAQs<\/h1>\n<p>[\/et_pb_text][et_pb_text _builder_version=&#8221;4.23.2&#8243; _module_preset=&#8221;default&#8221; text_font=&#8221;|600|||||||&#8221; text_text_color=&#8221;#FFFFFF&#8221; text_font_size=&#8221;16px&#8221; text_line_height=&#8221;26px&#8221; text_orientation=&#8221;center&#8221; custom_padding=&#8221;|150px||150px|false|true&#8221; custom_padding_tablet=&#8221;|150px||150px|false|true&#8221; custom_padding_phone=&#8221;|0px||0px|false|true&#8221; custom_padding_last_edited=&#8221;on|phone&#8221; locked=&#8221;off&#8221; global_colors_info=&#8221;{}&#8221;]<\/p>\n<p><span>Vous avez des questions? <\/span><br \/><span>Notre FAQ est l\u00e0 pour y r\u00e9pondre!<\/span><\/p>\n<p>[\/et_pb_text][\/et_pb_column][\/et_pb_row][\/et_pb_section][et_pb_section fb_built=&#8221;1&#8243; _builder_version=&#8221;4.23.2&#8243; _module_preset=&#8221;default&#8221; background_enable_color=&#8221;off&#8221; locked=&#8221;off&#8221; global_colors_info=&#8221;{%22gcid-bb9ea892-78f4-4555-9458-cf3e851b845a%22:%91%22background_color%22%93}&#8221;][et_pb_row custom_padding_last_edited=&#8221;on|phone&#8221; _builder_version=&#8221;4.23.2&#8243; _module_preset=&#8221;default&#8221; custom_padding=&#8221;0px||||false|false&#8221; custom_padding_tablet=&#8221;0px||||false|false&#8221; custom_padding_phone=&#8221;0px||||false|false&#8221; locked=&#8221;off&#8221; global_colors_info=&#8221;{}&#8221;][et_pb_column type=&#8221;4_4&#8243; _builder_version=&#8221;4.23.2&#8243; _module_preset=&#8221;default&#8221; global_colors_info=&#8221;{}&#8221;][et_pb_toggle title=&#8221;Quels types de services d\u2019impression proposez-vous ?&#8221; open_toggle_text_color=&#8221;#000000&#8243; open_toggle_background_color=&#8221;RGBA(255,255,255,0)&#8221; closed_toggle_text_color=&#8221;#000000&#8243; closed_toggle_background_color=&#8221;RGBA(255,255,255,0)&#8221; icon_color=&#8221;#000000&#8243; toggle_icon=&#8221;&#xf063;||fa||900&#8243; use_icon_font_size=&#8221;on&#8221; open_icon_color=&#8221;#000000&#8243; open_toggle_icon=&#8221;&#xf062;||fa||900&#8243; open_use_icon_font_size=&#8221;on&#8221; icon_font_size_tablet=&#8221;&#8221; icon_font_size_phone=&#8221;14px&#8221; icon_font_size_last_edited=&#8221;on|phone&#8221; open_icon_font_size_tablet=&#8221;&#8221; open_icon_font_size_phone=&#8221;14px&#8221; open_icon_font_size_last_edited=&#8221;on|phone&#8221; _builder_version=&#8221;4.23.2&#8243; _module_preset=&#8221;default&#8221; title_text_color=&#8221;#000000&#8243; title_font=&#8221;|700|||||||&#8221; title_font_size=&#8221;18px&#8221; title_line_height=&#8221;28px&#8221; closed_title_font=&#8221;|700|||||||&#8221; closed_title_font_size=&#8221;18px&#8221; closed_title_line_height=&#8221;28px&#8221; body_text_color=&#8221;#000000&#8243; body_font_size=&#8221;18px&#8221; body_line_height=&#8221;28px&#8221; background_color=&#8221;RGBA(255,255,255,0)&#8221; custom_margin=&#8221;||5px||false|false&#8221; custom_padding=&#8221;35px||35px||true|false&#8221; custom_padding_tablet=&#8221;35px||35px||true|false&#8221; custom_padding_phone=&#8221;20px||20px||true|false&#8221; custom_padding_last_edited=&#8221;on|phone&#8221; title_font_size_tablet=&#8221;18px&#8221; title_font_size_phone=&#8221;16px&#8221; title_font_size_last_edited=&#8221;on|phone&#8221; title_line_height_tablet=&#8221;28px&#8221; title_line_height_phone=&#8221;26px&#8221; title_line_height_last_edited=&#8221;on|phone&#8221; closed_title_font_size_tablet=&#8221;18px&#8221; closed_title_font_size_phone=&#8221;16px&#8221; closed_title_font_size_last_edited=&#8221;on|phone&#8221; closed_title_line_height_tablet=&#8221;28px&#8221; closed_title_line_height_phone=&#8221;26px&#8221; closed_title_line_height_last_edited=&#8221;on|phone&#8221; border_color_top=&#8221;rgba(0,0,0,0.45)&#8221; border_width_right=&#8221;0px&#8221; border_color_bottom=&#8221;rgba(0,0,0,0.45)&#8221; border_width_left=&#8221;0px&#8221; global_colors_info=&#8221;{}&#8221;]<\/p>\n<p>\u00a0Nous sommes sp\u00e9cialis\u00e9s dans l&#8217;a personnalisation textile dans notamment l&#8217;impression DTF. Sans limite de couleurs ni de taille, elle est durable dans le temps. Nous proposons aussi de l&#8217;impression DTG et de la broderie dans un minimum de quanit\u00e9.<\/p>\n<p>[\/et_pb_toggle][et_pb_toggle title=&#8221;Puis-je demander un design personnalis\u00e9 pour mes impressions ?&#8221; open_toggle_text_color=&#8221;#000000&#8243; open_toggle_background_color=&#8221;RGBA(255,255,255,0)&#8221; closed_toggle_text_color=&#8221;#000000&#8243; closed_toggle_background_color=&#8221;RGBA(255,255,255,0)&#8221; icon_color=&#8221;#000000&#8243; toggle_icon=&#8221;&#xf063;||fa||900&#8243; use_icon_font_size=&#8221;on&#8221; open_icon_color=&#8221;#000000&#8243; open_toggle_icon=&#8221;&#xf062;||fa||900&#8243; open_use_icon_font_size=&#8221;on&#8221; icon_font_size_tablet=&#8221;&#8221; icon_font_size_phone=&#8221;14px&#8221; icon_font_size_last_edited=&#8221;on|phone&#8221; open_icon_font_size_tablet=&#8221;&#8221; open_icon_font_size_phone=&#8221;14px&#8221; open_icon_font_size_last_edited=&#8221;on|phone&#8221; _builder_version=&#8221;4.23.2&#8243; _module_preset=&#8221;default&#8221; title_text_color=&#8221;#000000&#8243; title_font=&#8221;|700|||||||&#8221; title_font_size=&#8221;18px&#8221; title_line_height=&#8221;28px&#8221; closed_title_font=&#8221;|700|||||||&#8221; closed_title_font_size=&#8221;18px&#8221; closed_title_line_height=&#8221;28px&#8221; body_text_color=&#8221;#000000&#8243; body_font_size=&#8221;18px&#8221; body_line_height=&#8221;28px&#8221; background_color=&#8221;RGBA(255,255,255,0)&#8221; custom_margin=&#8221;||5px||false|false&#8221; custom_padding=&#8221;35px||35px||true|false&#8221; custom_padding_tablet=&#8221;35px||35px||true|false&#8221; custom_padding_phone=&#8221;20px||20px||true|false&#8221; custom_padding_last_edited=&#8221;on|phone&#8221; title_font_size_tablet=&#8221;18px&#8221; title_font_size_phone=&#8221;16px&#8221; title_font_size_last_edited=&#8221;on|phone&#8221; title_line_height_tablet=&#8221;28px&#8221; title_line_height_phone=&#8221;26px&#8221; title_line_height_last_edited=&#8221;on|phone&#8221; closed_title_font_size_tablet=&#8221;18px&#8221; closed_title_font_size_phone=&#8221;16px&#8221; closed_title_font_size_last_edited=&#8221;on|phone&#8221; closed_title_line_height_tablet=&#8221;28px&#8221; closed_title_line_height_phone=&#8221;26px&#8221; closed_title_line_height_last_edited=&#8221;on|phone&#8221; border_width_top=&#8221;0px&#8221; border_color_top=&#8221;rgba(0,0,0,0.45)&#8221; border_width_right=&#8221;0px&#8221; border_color_bottom=&#8221;rgba(0,0,0,0.45)&#8221; border_width_left=&#8221;0px&#8221; global_colors_info=&#8221;{}&#8221;]<\/p>\n<p>Absolument! Notre \u00e9quipe propose la cr\u00e9ation de designs personnalis\u00e9s pour donner vie \u00e0 vos id\u00e9es uniques.<\/p>\n<p>[\/et_pb_toggle][et_pb_toggle title=&#8221;Quel est le d\u00e9lai d&#8217;ex\u00e9cution d&#8217;une commande ?&#8221; open_toggle_text_color=&#8221;#000000&#8243; open_toggle_background_color=&#8221;RGBA(255,255,255,0)&#8221; closed_toggle_text_color=&#8221;#000000&#8243; closed_toggle_background_color=&#8221;RGBA(255,255,255,0)&#8221; icon_color=&#8221;#000000&#8243; toggle_icon=&#8221;&#xf063;||fa||900&#8243; use_icon_font_size=&#8221;on&#8221; open_icon_color=&#8221;#000000&#8243; open_toggle_icon=&#8221;&#xf062;||fa||900&#8243; open_use_icon_font_size=&#8221;on&#8221; icon_font_size_tablet=&#8221;&#8221; icon_font_size_phone=&#8221;14px&#8221; icon_font_size_last_edited=&#8221;on|phone&#8221; open_icon_font_size_tablet=&#8221;&#8221; open_icon_font_size_phone=&#8221;14px&#8221; open_icon_font_size_last_edited=&#8221;on|phone&#8221; _builder_version=&#8221;4.23.2&#8243; _module_preset=&#8221;default&#8221; title_text_color=&#8221;#000000&#8243; title_font=&#8221;|700|||||||&#8221; title_font_size=&#8221;18px&#8221; title_line_height=&#8221;28px&#8221; closed_title_font=&#8221;|700|||||||&#8221; closed_title_font_size=&#8221;18px&#8221; closed_title_line_height=&#8221;28px&#8221; body_text_color=&#8221;#000000&#8243; body_font_size=&#8221;18px&#8221; body_line_height=&#8221;28px&#8221; background_color=&#8221;RGBA(255,255,255,0)&#8221; custom_margin=&#8221;||5px||false|false&#8221; custom_padding=&#8221;35px||35px||true|false&#8221; custom_padding_tablet=&#8221;35px||35px||true|false&#8221; custom_padding_phone=&#8221;20px||20px||true|false&#8221; custom_padding_last_edited=&#8221;on|phone&#8221; title_font_size_tablet=&#8221;18px&#8221; title_font_size_phone=&#8221;16px&#8221; title_font_size_last_edited=&#8221;on|phone&#8221; title_line_height_tablet=&#8221;28px&#8221; title_line_height_phone=&#8221;26px&#8221; title_line_height_last_edited=&#8221;on|phone&#8221; closed_title_font_size_tablet=&#8221;18px&#8221; closed_title_font_size_phone=&#8221;16px&#8221; closed_title_font_size_last_edited=&#8221;on|phone&#8221; closed_title_line_height_tablet=&#8221;28px&#8221; closed_title_line_height_phone=&#8221;26px&#8221; closed_title_line_height_last_edited=&#8221;on|phone&#8221; border_width_top=&#8221;0px&#8221; border_color_top=&#8221;rgba(0,0,0,0.45)&#8221; border_width_right=&#8221;0px&#8221; border_color_bottom=&#8221;rgba(0,0,0,0.45)&#8221; border_width_left=&#8221;0px&#8221; global_colors_info=&#8221;{}&#8221;]<\/p>\n<p>Les d\u00e9lais d&#8217;ex\u00e9cution varient en fonction de la complexit\u00e9 et de la quantit\u00e9 de votre commande, mais nous nous effor\u00e7ons toujours d&#8217;assurer une livraison rapide et efficace.<\/p>\n<p>[\/et_pb_toggle][et_pb_toggle title=&#8221;Fournissez-vous des services d\u2019impression en masse aux entreprises ?&#8221; open_toggle_text_color=&#8221;#000000&#8243; open_toggle_background_color=&#8221;RGBA(255,255,255,0)&#8221; closed_toggle_text_color=&#8221;#000000&#8243; closed_toggle_background_color=&#8221;RGBA(255,255,255,0)&#8221; icon_color=&#8221;#000000&#8243; toggle_icon=&#8221;&#xf063;||fa||900&#8243; use_icon_font_size=&#8221;on&#8221; open_icon_color=&#8221;#000000&#8243; open_toggle_icon=&#8221;&#xf062;||fa||900&#8243; open_use_icon_font_size=&#8221;on&#8221; icon_font_size_tablet=&#8221;&#8221; icon_font_size_phone=&#8221;14px&#8221; icon_font_size_last_edited=&#8221;on|phone&#8221; open_icon_font_size_tablet=&#8221;&#8221; open_icon_font_size_phone=&#8221;14px&#8221; open_icon_font_size_last_edited=&#8221;on|phone&#8221; _builder_version=&#8221;4.23.2&#8243; _module_preset=&#8221;default&#8221; title_text_color=&#8221;#000000&#8243; title_font=&#8221;|700|||||||&#8221; title_font_size=&#8221;18px&#8221; title_line_height=&#8221;28px&#8221; closed_title_font=&#8221;|700|||||||&#8221; closed_title_font_size=&#8221;18px&#8221; closed_title_line_height=&#8221;28px&#8221; body_text_color=&#8221;#000000&#8243; body_font_size=&#8221;18px&#8221; body_line_height=&#8221;28px&#8221; background_color=&#8221;RGBA(255,255,255,0)&#8221; custom_margin=&#8221;||5px||false|false&#8221; custom_padding=&#8221;35px||35px||true|false&#8221; custom_padding_tablet=&#8221;35px||35px||true|false&#8221; custom_padding_phone=&#8221;20px||20px||true|false&#8221; custom_padding_last_edited=&#8221;on|phone&#8221; title_font_size_tablet=&#8221;18px&#8221; title_font_size_phone=&#8221;16px&#8221; title_font_size_last_edited=&#8221;on|phone&#8221; title_line_height_tablet=&#8221;28px&#8221; title_line_height_phone=&#8221;26px&#8221; title_line_height_last_edited=&#8221;on|phone&#8221; closed_title_font_size_tablet=&#8221;18px&#8221; closed_title_font_size_phone=&#8221;16px&#8221; closed_title_font_size_last_edited=&#8221;on|phone&#8221; closed_title_line_height_tablet=&#8221;28px&#8221; closed_title_line_height_phone=&#8221;26px&#8221; closed_title_line_height_last_edited=&#8221;on|phone&#8221; border_width_top=&#8221;0px&#8221; border_color_top=&#8221;rgba(0,0,0,0.45)&#8221; border_width_right=&#8221;0px&#8221; border_color_bottom=&#8221;rgba(0,0,0,0.45)&#8221; border_width_left=&#8221;0px&#8221; global_colors_info=&#8221;{}&#8221;]<\/p>\n<p>Oui! Nous nous adressons aussi bien aux particuliers qu&#8217;aux entreprises, en proposant des solutions d&#8217;impression en masse de haute qualit\u00e9.<\/p>\n<p>[\/et_pb_toggle][et_pb_toggle title=&#8221;Comment puis-je passer une commande ?&#8221; open_toggle_text_color=&#8221;#000000&#8243; open_toggle_background_color=&#8221;RGBA(255,255,255,0)&#8221; closed_toggle_text_color=&#8221;#000000&#8243; closed_toggle_background_color=&#8221;RGBA(255,255,255,0)&#8221; icon_color=&#8221;#000000&#8243; toggle_icon=&#8221;&#xf063;||fa||900&#8243; use_icon_font_size=&#8221;on&#8221; open_icon_color=&#8221;#000000&#8243; open_toggle_icon=&#8221;&#xf062;||fa||900&#8243; open_use_icon_font_size=&#8221;on&#8221; icon_font_size_tablet=&#8221;&#8221; icon_font_size_phone=&#8221;14px&#8221; icon_font_size_last_edited=&#8221;on|phone&#8221; open_icon_font_size_tablet=&#8221;&#8221; open_icon_font_size_phone=&#8221;14px&#8221; open_icon_font_size_last_edited=&#8221;on|phone&#8221; _builder_version=&#8221;4.23.2&#8243; _module_preset=&#8221;default&#8221; title_text_color=&#8221;#000000&#8243; title_font=&#8221;|700|||||||&#8221; title_font_size=&#8221;18px&#8221; title_line_height=&#8221;28px&#8221; closed_title_font=&#8221;|700|||||||&#8221; closed_title_font_size=&#8221;18px&#8221; closed_title_line_height=&#8221;28px&#8221; body_text_color=&#8221;#000000&#8243; body_font_size=&#8221;18px&#8221; body_line_height=&#8221;28px&#8221; background_color=&#8221;RGBA(255,255,255,0)&#8221; custom_margin=&#8221;||5px||false|false&#8221; custom_padding=&#8221;35px||35px||true|false&#8221; custom_padding_tablet=&#8221;35px||35px||true|false&#8221; custom_padding_phone=&#8221;20px||20px||true|false&#8221; custom_padding_last_edited=&#8221;on|phone&#8221; title_font_size_tablet=&#8221;18px&#8221; title_font_size_phone=&#8221;16px&#8221; title_font_size_last_edited=&#8221;on|phone&#8221; title_line_height_tablet=&#8221;28px&#8221; title_line_height_phone=&#8221;26px&#8221; title_line_height_last_edited=&#8221;on|phone&#8221; closed_title_font_size_tablet=&#8221;18px&#8221; closed_title_font_size_phone=&#8221;16px&#8221; closed_title_font_size_last_edited=&#8221;on|phone&#8221; closed_title_line_height_tablet=&#8221;28px&#8221; closed_title_line_height_phone=&#8221;26px&#8221; closed_title_line_height_last_edited=&#8221;on|phone&#8221; border_width_top=&#8221;0px&#8221; border_color_top=&#8221;rgba(0,0,0,0.45)&#8221; border_width_right=&#8221;0px&#8221; border_color_bottom=&#8221;rgba(0,0,0,0.45)&#8221; border_width_left=&#8221;0px&#8221; global_colors_info=&#8221;{}&#8221;]<\/p>\n<p>Vous pouvez nous contacter via notre site Web, par e-mail ou par t\u00e9l\u00e9phone. Nous vous guiderons tout au long du processus et vous fournirons un devis gratuit.<\/p>\n<p>[\/et_pb_toggle][\/et_pb_column][\/et_pb_row][\/et_pb_section]<\/p>\n","protected":false},"excerpt":{"rendered":"<p>FAQsVous avez des questions? Notre FAQ est l\u00e0 pour y r\u00e9pondre!\u00a0Nous sommes sp\u00e9cialis\u00e9s dans l&#8217;a personnalisation textile dans notamment l&#8217;impression DTF. Sans limite de couleurs ni de taille, elle est durable dans le temps. Nous proposons aussi de l&#8217;impression DTG et de la broderie dans un minimum de quanit\u00e9.Absolument! Notre \u00e9quipe propose la cr\u00e9ation de [&hellip;]<\/p>\n","protected":false},"author":1,"featured_media":0,"parent":0,"menu_order":0,"comment_status":"closed","ping_status":"closed","template":"","meta":{"_et_pb_use_builder":"on","_et_pb_old_content":"","_et_gb_content_width":"","_monsterinsights_skip_tracking":false,"_monsterinsights_sitenote_active":false,"_monsterinsights_sitenote_note":"","_monsterinsights_sitenote_category":0,"footnotes":""},"class_list":["post-868","page","type-page","status-publish","hentry"],"_links":{"self":[{"href":"https:\/\/colors-impression.com\/index.php\/wp-json\/wp\/v2\/pages\/868","targetHints":{"allow":["GET"]}}],"collection":[{"href":"https:\/\/colors-impression.com\/index.php\/wp-json\/wp\/v2\/pages"}],"about":[{"href":"https:\/\/colors-impression.com\/index.php\/wp-json\/wp\/v2\/types\/page"}],"author":[{"embeddable":true,"href":"https:\/\/colors-impression.com\/index.php\/wp-json\/wp\/v2\/users\/1"}],"replies":[{"embeddable":true,"href":"https:\/\/colors-impression.com\/index.php\/wp-json\/wp\/v2\/comments?post=868"}],"version-history":[{"count":0,"href":"https:\/\/colors-impression.com\/index.php\/wp-json\/wp\/v2\/pages\/868\/revisions"}],"wp:attachment":[{"href":"https:\/\/colors-impression.com\/index.php\/wp-json\/wp\/v2\/media?parent=868"}],"curies":[{"name":"wp","href":"https:\/\/api.w.org\/{rel}","templated":true}]}}